{"id":6715,"date":"2022-12-19T02:29:04","date_gmt":"2022-12-19T02:29:04","guid":{"rendered":"https:\/\/gaviaspreview.com\/wp\/boliin\/?page_id=23"},"modified":"2024-11-11T18:02:09","modified_gmt":"2024-11-11T18:02:09","slug":"otelimiz","status":"publish","type":"page","link":"https:\/\/www.baskentcenter.com\/index.php\/otelimiz\/","title":{"rendered":"Otelimiz"},"content":{"rendered":"\t\t<div data-elementor-type=\"wp-page\" data-elementor-id=\"6715\" class=\"elementor elementor-6715\" data-elementor-post-type=\"page\">\n\t\t\t\t\t\t<section class=\"elementor-section elementor-top-section elementor-element elementor-element-e29233e elementor-section-full_width elementor-section-height-default elementor-section-height-default\" data-id=\"e29233e\" data-element_type=\"section\">\n\t\t\t\t\t\t<div class=\"elementor-container elementor-column-gap-default\">\n\t\t\t\t\t<div class=\"elementor-column elementor-col-100 elementor-top-column elementor-element elementor-element-bca5c6f\" data-id=\"bca5c6f\" data-element_type=\"column\">\n\t\t\t<div class=\"elementor-widget-wrap elementor-element-populated\">\n\t\t\t\t\t\t<div class=\"elementor-element elementor-element-103389c elementor-widget elementor-widget-gva_post_breadcrumb\" data-id=\"103389c\" data-element_type=\"widget\" data-widget_type=\"gva_post_breadcrumb.default\">\n\t\t\t\t<div class=\"elementor-widget-container\">\n\t\t\t\t\t<div class=\"gva-element-gva_post_breadcrumb gva-element\">   \r\n<div class=\"post-breadcrumb\">\r\n   <div class=\"custom-breadcrumb \" >\r\n            <div class=\"breadcrumb-main\">\r\n        <div class=\"container\">\r\n          <div class=\"breadcrumb-container-inner align-center\">\r\n            <h2 class=\"heading-title\">Otelimiz<\/h2><ol class=\"breadcrumb\"><li><a href=\"https:\/\/www.baskentcenter.com\">Home<\/a> <\/li> <li class=\"active\">Sayfa<\/li><\/ol>          <\/div>  \r\n        <\/div>   \r\n      <\/div>  \r\n   <\/div>\r\n<\/div>      \r\n\r\n<\/div>\t\t\t\t<\/div>\n\t\t\t\t<\/div>\n\t\t\t\t\t<\/div>\n\t\t<\/div>\n\t\t\t\t\t<\/div>\n\t\t<\/section>\n\t\t\t\t<section class=\"elementor-section elementor-top-section elementor-element elementor-element-8efa06f elementor-section-boxed elementor-section-height-default elementor-section-height-default\" data-id=\"8efa06f\" data-element_type=\"section\">\n\t\t\t\t\t\t<div class=\"elementor-container elementor-column-gap-default\">\n\t\t\t\t\t<div class=\"elementor-column elementor-col-50 elementor-top-column elementor-element elementor-element-6999210\" data-id=\"6999210\" data-element_type=\"column\">\n\t\t\t<div class=\"elementor-widget-wrap elementor-element-populated\">\n\t\t\t\t\t\t<div class=\"elementor-element elementor-element-aa4f064 elementor-widget elementor-widget-image\" data-id=\"aa4f064\" data-element_type=\"widget\" data-widget_type=\"image.default\">\n\t\t\t\t<div class=\"elementor-widget-container\">\n\t\t\t\t\t\t\t\t\t\t\t\t\t\t\t<img fetchpriority=\"high\" decoding=\"async\" width=\"500\" height=\"360\" src=\"https:\/\/www.baskentcenter.com\/wp-content\/uploads\/2024\/11\/DSF0062-Enhanced-NR-copy-500x360.jpg\" class=\"attachment-post-thumbnail size-post-thumbnail wp-image-6949\" alt=\"\" \/>\t\t\t\t\t\t\t\t\t\t\t\t\t\t\t<\/div>\n\t\t\t\t<\/div>\n\t\t\t\t\t<\/div>\n\t\t<\/div>\n\t\t\t\t<div class=\"elementor-column elementor-col-50 elementor-top-column elementor-element elementor-element-3f69746\" data-id=\"3f69746\" data-element_type=\"column\">\n\t\t\t<div class=\"elementor-widget-wrap elementor-element-populated\">\n\t\t\t\t\t\t<div class=\"elementor-element elementor-element-aba9b7a elementor-widget elementor-widget-gva-heading-block\" data-id=\"aba9b7a\" data-element_type=\"widget\" data-widget_type=\"gva-heading-block.default\">\n\t\t\t\t<div class=\"elementor-widget-container\">\n\t\t\t\t\t<div class=\"gva-element-gva-heading-block gva-element\">   <div class=\"align-left style-1 widget gsc-heading box-align-left auto-responsive\">\r\n      <div class=\"content-inner\">\r\n         \r\n                  \r\n         <div class=\"heading-icon\"><span><img decoding=\"async\" src=\"https:\/\/www.baskentcenter.com\/wp-content\/plugins\/boliin-themer\/elementor\/assets\/images\/icon-heading.png\" alt=\"Hakk\u0131m\u0131zda\" \/><\/span><\/div>  \r\n         \r\n                     <h2 class=\"title\">\r\n               <span>Hakk\u0131m\u0131zda<\/span>\r\n            <\/h2>\r\n                  \r\n                     <div class=\"title-desc\">BA\u015eKENT CENTER HOTEL'E HO\u015eGELD\u0130N\u0130Z\u2026.KONFOR VAZGE\u00c7\u0130LMEZ\u0130N\u0130ZSE ANKARA\u2019NIN MERKEZ\u0130NDE HEM \u0130\u015e HEM TAT\u0130L AMA\u00c7LI SEYAHATLER\u0130N\u0130Z \u0130\u00c7\u0130N \u00c7OK UYGUN B\u0130R LOKASYONDA OLAN OTEL\u0130M\u0130ZDE M\u0130SAF\u0130R\u0130M\u0130Z OLUN. D\u00dcNYANIN EN B\u00dcY\u00dcK OTEL Z\u0130NC\u0130R\u0130N\u0130N B\u0130R \u00dcYES\u0130 OLAN OTEL\u0130M\u0130Z G\u00dcVENL\u0130 TUR\u0130ZM SERT\u0130F\u0130KASI ALARAK H\u0130JYEN VE TEM\u0130ZL\u0130K KONUSUNDA T\u0130T\u0130ZL\u0130\u011e\u0130N\u0130 \u00d6D\u00dcLLEND\u0130RM\u0130\u015eT\u0130R. TEM\u0130Z VE KONFORLU ODALARIMIZLA S\u0130Z\u0130 HEYECANLA BEKL\u0130YORUZ.<\/div>\r\n         \r\n         \r\n      <\/div>\r\n   <\/div>\r\n<\/div>\t\t\t\t<\/div>\n\t\t\t\t<\/div>\n\t\t\t\t\t<\/div>\n\t\t<\/div>\n\t\t\t\t\t<\/div>\n\t\t<\/section>\n\t\t\t\t<section class=\"elementor-section elementor-top-section elementor-element elementor-element-a41ecd2 elementor-section-boxed elementor-section-height-default elementor-section-height-default\" data-id=\"a41ecd2\" data-element_type=\"section\" data-settings=\"{&quot;background_background&quot;:&quot;classic&quot;}\">\n\t\t\t\t\t\t<div class=\"elementor-container elementor-column-gap-default\">\n\t\t\t\t\t<div class=\"elementor-column elementor-col-100 elementor-top-column elementor-element elementor-element-2235578\" data-id=\"2235578\" data-element_type=\"column\">\n\t\t\t<div class=\"elementor-widget-wrap\">\n\t\t\t\t\t\t\t<\/div>\n\t\t<\/div>\n\t\t\t\t\t<\/div>\n\t\t<\/section>\n\t\t\t\t<\/div>\n\t\t","protected":false},"excerpt":{"rendered":"<p>Otelimiz Home Sayfa Hakk\u0131m\u0131zda BA\u015eKENT CENTER HOTEL&#8217;E HO\u015eGELD\u0130N\u0130Z\u2026.KONFOR VAZGE\u00c7\u0130LMEZ\u0130N\u0130ZSE ANKARA\u2019NIN MERKEZ\u0130NDE HEM \u0130\u015e HEM TAT\u0130L AMA\u00c7LI SEYAHATLER\u0130N\u0130Z \u0130\u00c7\u0130N \u00c7OK UYGUN B\u0130R LOKASYONDA OLAN OTEL\u0130M\u0130ZDE M\u0130SAF\u0130R\u0130M\u0130Z OLUN. D\u00dcNYANIN EN B\u00dcY\u00dcK OTEL [&hellip;]<\/p>\n","protected":false},"author":1,"featured_media":0,"parent":0,"menu_order":0,"comment_status":"closed","ping_status":"closed","template":"","meta":{"footnotes":""},"class_list":["post-6715","page","type-page","status-publish","hentry"],"_links":{"self":[{"href":"https:\/\/www.baskentcenter.com\/index.php\/wp-json\/wp\/v2\/pages\/6715","targetHints":{"allow":["GET"]}}],"collection":[{"href":"https:\/\/www.baskentcenter.com\/index.php\/wp-json\/wp\/v2\/pages"}],"about":[{"href":"https:\/\/www.baskentcenter.com\/index.php\/wp-json\/wp\/v2\/types\/page"}],"author":[{"embeddable":true,"href":"https:\/\/www.baskentcenter.com\/index.php\/wp-json\/wp\/v2\/users\/1"}],"replies":[{"embeddable":true,"href":"https:\/\/www.baskentcenter.com\/index.php\/wp-json\/wp\/v2\/comments?post=6715"}],"version-history":[{"count":7,"href":"https:\/\/www.baskentcenter.com\/index.php\/wp-json\/wp\/v2\/pages\/6715\/revisions"}],"predecessor-version":[{"id":7023,"href":"https:\/\/www.baskentcenter.com\/index.php\/wp-json\/wp\/v2\/pages\/6715\/revisions\/7023"}],"wp:attachment":[{"href":"https:\/\/www.baskentcenter.com\/index.php\/wp-json\/wp\/v2\/media?parent=6715"}],"curies":[{"name":"wp","href":"https:\/\/api.w.org\/{rel}","templated":true}]}}