{"id":46,"date":"2021-11-12T11:41:28","date_gmt":"2021-11-12T11:41:28","guid":{"rendered":"http:\/\/www.nicdarkthemes.com\/themes\/hotel-inn\/wp\/demo\/inn-suites\/?page_id=46"},"modified":"2021-11-12T11:41:28","modified_gmt":"2021-11-12T11:41:28","slug":"header","status":"publish","type":"page","link":"https:\/\/www.baskentcenter.com\/index.php\/header\/","title":{"rendered":"Header"},"content":{"rendered":"\t\t<div data-elementor-type=\"wp-page\" data-elementor-id=\"46\" class=\"elementor elementor-46\" data-elementor-post-type=\"page\">\n\t\t\t\t\t\t<section class=\"elementor-section elementor-top-section elementor-element elementor-element-67c685a2 elementor-section-full_width elementor-section-content-middle elementor-section-stretched elementor-hidden-tablet elementor-hidden-phone elementor-section-height-default elementor-section-height-default elementor-invisible\" data-id=\"67c685a2\" data-element_type=\"section\" id=\"topheader\" data-settings=\"{&quot;stretch_section&quot;:&quot;section-stretched&quot;,&quot;background_background&quot;:&quot;classic&quot;,&quot;animation&quot;:&quot;fadeIn&quot;}\">\n\t\t\t\t\t\t\t<div class=\"elementor-background-overlay\"><\/div>\n\t\t\t\t\t\t\t<div class=\"elementor-container elementor-column-gap-default\">\n\t\t\t\t\t<div class=\"elementor-column elementor-col-33 elementor-top-column elementor-element elementor-element-4ca8adc8\" data-id=\"4ca8adc8\" data-element_type=\"column\">\n\t\t\t<div class=\"elementor-widget-wrap elementor-element-populated\">\n\t\t\t\t\t\t<div class=\"elementor-element elementor-element-425a56ae elementor-tablet-align-center elementor-icon-list--layout-inline elementor-align-left elementor-mobile-align-center elementor-list-item-link-full_width elementor-widget elementor-widget-icon-list\" data-id=\"425a56ae\" data-element_type=\"widget\" data-widget_type=\"icon-list.default\">\n\t\t\t\t<div class=\"elementor-widget-container\">\n\t\t\t\t\t\t\t<ul class=\"elementor-icon-list-items elementor-inline-items\">\n\t\t\t\t\t\t\t<li class=\"elementor-icon-list-item elementor-inline-item\">\n\t\t\t\t\t\t\t\t\t\t\t<span class=\"elementor-icon-list-icon\">\n\t\t\t\t\t\t\t<i aria-hidden=\"true\" class=\"far fa-envelope\"><\/i>\t\t\t\t\t\t<\/span>\n\t\t\t\t\t\t\t\t\t\t<span class=\"elementor-icon-list-text\">info@hotel-suites.com<\/span>\n\t\t\t\t\t\t\t\t\t<\/li>\n\t\t\t\t\t\t\t\t<li class=\"elementor-icon-list-item elementor-inline-item\">\n\t\t\t\t\t\t\t\t\t\t\t<span class=\"elementor-icon-list-icon\">\n\t\t\t\t\t\t\t<i aria-hidden=\"true\" class=\"far fa-clock\"><\/i>\t\t\t\t\t\t<\/span>\n\t\t\t\t\t\t\t\t\t\t<span class=\"elementor-icon-list-text\">Mon - Sat: 08.00 - 22:00 <\/span>\n\t\t\t\t\t\t\t\t\t<\/li>\n\t\t\t\t\t\t<\/ul>\n\t\t\t\t\t\t<\/div>\n\t\t\t\t<\/div>\n\t\t\t\t\t<\/div>\n\t\t<\/div>\n\t\t\t\t<div class=\"elementor-column elementor-col-33 elementor-top-column elementor-element elementor-element-41cbf078 elementor-hidden-phone\" data-id=\"41cbf078\" data-element_type=\"column\">\n\t\t\t<div class=\"elementor-widget-wrap elementor-element-populated\">\n\t\t\t\t\t\t<div class=\"elementor-element elementor-element-7d39674d elementor-widget elementor-widget-marquee\" data-id=\"7d39674d\" data-element_type=\"widget\" data-widget_type=\"marquee.default\">\n\t\t\t\t<div class=\"elementor-widget-container\">\n\t\t\t\t\t\n<div class=\"nd_elements_section nd_elements_marquee_component\">\n\n\t<marquee class=\"nd_elements_section\">\n        <span class=\"nd_elements_marquee_label nd_elements_display_inline_block\">NEWS<\/span>\n        <span class=\"nd_elements_marquee_content\">New year registrations open, contact us and renew your card !<\/span>\n    <\/marquee>\n\t\n<\/div>\t\t\t\t<\/div>\n\t\t\t\t<\/div>\n\t\t\t\t\t<\/div>\n\t\t<\/div>\n\t\t\t\t<div class=\"elementor-column elementor-col-33 elementor-top-column elementor-element elementor-element-ee747f elementor-hidden-phone\" data-id=\"ee747f\" data-element_type=\"column\">\n\t\t\t<div class=\"elementor-widget-wrap elementor-element-populated\">\n\t\t\t\t\t\t\t<\/div>\n\t\t<\/div>\n\t\t\t\t\t<\/div>\n\t\t<\/section>\n\t\t\t\t<section class=\"elementor-section elementor-top-section elementor-element elementor-element-18a67637 elementor-section-full_width elementor-section-stretched elementor-section-height-default elementor-section-height-default elementor-invisible\" data-id=\"18a67637\" data-element_type=\"section\" data-settings=\"{&quot;stretch_section&quot;:&quot;section-stretched&quot;,&quot;background_background&quot;:&quot;gradient&quot;,&quot;animation&quot;:&quot;fadeInDown&quot;}\">\n\t\t\t\t\t\t<div class=\"elementor-container elementor-column-gap-no\">\n\t\t\t\t\t<div class=\"elementor-column elementor-col-100 elementor-top-column elementor-element elementor-element-719ad904\" data-id=\"719ad904\" data-element_type=\"column\">\n\t\t\t<div class=\"elementor-widget-wrap elementor-element-populated\">\n\t\t\t\t\t\t<div class=\"elementor-element elementor-element-43638b74 gradient-topheader  elementor-widget elementor-widget-spacer\" data-id=\"43638b74\" data-element_type=\"widget\" data-widget_type=\"spacer.default\">\n\t\t\t\t<div class=\"elementor-widget-container\">\n\t\t\t\t\t\t\t<div class=\"elementor-spacer\">\n\t\t\t<div class=\"elementor-spacer-inner\"><\/div>\n\t\t<\/div>\n\t\t\t\t\t\t<\/div>\n\t\t\t\t<\/div>\n\t\t\t\t\t<\/div>\n\t\t<\/div>\n\t\t\t\t\t<\/div>\n\t\t<\/section>\n\t\t\t\t<section class=\"elementor-section elementor-top-section elementor-element elementor-element-214824ec elementor-section-stretched elementor-section-full_width elementor-section-content-middle elementor-section-height-default elementor-section-height-default elementor-invisible\" data-id=\"214824ec\" data-element_type=\"section\" id=\"nd_contact_navigation\" data-settings=\"{&quot;stretch_section&quot;:&quot;section-stretched&quot;,&quot;animation&quot;:&quot;fadeInDown&quot;,&quot;background_background&quot;:&quot;classic&quot;}\">\n\t\t\t\t\t\t<div class=\"elementor-container elementor-column-gap-default\">\n\t\t\t\t\t<div class=\"elementor-column elementor-col-33 elementor-top-column elementor-element elementor-element-3910c793\" data-id=\"3910c793\" data-element_type=\"column\">\n\t\t\t<div class=\"elementor-widget-wrap elementor-element-populated\">\n\t\t\t\t\t\t<div class=\"elementor-element elementor-element-723357f0 elementor-widget elementor-widget-image\" data-id=\"723357f0\" data-element_type=\"widget\" data-widget_type=\"image.default\">\n\t\t\t\t<div class=\"elementor-widget-container\">\n\t\t\t\t\t\t\t\t\t\t\t\t\t\t\t\t<a href=\"http:\/\/www.nicdarkthemes.com\/themes\/hotel-inn\/wp\/demo\/inn-suites\/\">\n\t\t\t\t\t\t\t<img decoding=\"async\" src=\"https:\/\/www.baskentcenter.com\/wp-content\/uploads\/2022\/01\/logo-motela.png\" title=\"logo-motela\" alt=\"logo-motela\" loading=\"lazy\" \/>\t\t\t\t\t\t\t\t<\/a>\n\t\t\t\t\t\t\t\t\t\t\t\t\t\t\t<\/div>\n\t\t\t\t<\/div>\n\t\t\t\t\t<\/div>\n\t\t<\/div>\n\t\t\t\t<div class=\"elementor-column elementor-col-33 elementor-top-column elementor-element elementor-element-65ab3909\" data-id=\"65ab3909\" data-element_type=\"column\" id=\"main-menu\">\n\t\t\t<div class=\"elementor-widget-wrap elementor-element-populated\">\n\t\t\t\t\t\t<div class=\"elementor-element elementor-element-3018c240 elementor-widget elementor-widget-navigation\" data-id=\"3018c240\" data-element_type=\"widget\" data-widget_type=\"navigation.default\">\n\t\t\t\t<div class=\"elementor-widget-container\">\n\t\t\t\t\t\n\t\t<div class=\"nd_elements_section\">\n\t\t\t<div class=\"nd_elements_navigation_component\">\n\n\t\t\t\t<div class=\"menu-main-menu-container\"><ul id=\"menu-main-menu\" class=\"menu\"><li id=\"menu-item-6886\" class=\"menu-item menu-item-type-custom menu-item-object-custom menu-item-has-children menu-item-6886\"><a href=\"#\">Odalar\u0131m\u0131z<\/a>\n<ul class=\"sub-menu\">\n\t<li id=\"menu-item-6880\" class=\"menu-item menu-item-type-post_type menu-item-object-page menu-item-6880\"><a href=\"https:\/\/www.baskentcenter.com\/index.php\/standart-genis-yatakli-oda\/\">Standart Geni\u015f Yatakl\u0131 Oda<\/a><\/li>\n\t<li id=\"menu-item-6898\" class=\"menu-item menu-item-type-post_type menu-item-object-page menu-item-6898\"><a href=\"https:\/\/www.baskentcenter.com\/index.php\/standart-2-yatakli-oda\/\">Standart \u0130ki Ayr\u0131 Yatakl\u0131 Oda<\/a><\/li>\n\t<li id=\"menu-item-6889\" class=\"menu-item menu-item-type-post_type menu-item-object-page menu-item-6889\"><a href=\"https:\/\/www.baskentcenter.com\/index.php\/deluxe-oda\/\">Deluxe Oda<\/a><\/li>\n<\/ul>\n<\/li>\n<li id=\"menu-item-7153\" class=\"menu-item menu-item-type-custom menu-item-object-custom menu-item-has-children menu-item-7153\"><a href=\"#\">Toplant\u0131 Salonlar\u0131m\u0131z<\/a>\n<ul class=\"sub-menu\">\n\t<li id=\"menu-item-7224\" class=\"menu-item menu-item-type-post_type menu-item-object-page menu-item-7224\"><a href=\"https:\/\/www.baskentcenter.com\/index.php\/kirmizi-salon\/\">K\u0131rm\u0131z\u0131 Salon<\/a><\/li>\n\t<li id=\"menu-item-7226\" class=\"menu-item menu-item-type-post_type menu-item-object-page menu-item-7226\"><a href=\"https:\/\/www.baskentcenter.com\/index.php\/lacivert-salon\/\">Lacivert Salon<\/a><\/li>\n\t<li id=\"menu-item-6935\" class=\"menu-item menu-item-type-post_type menu-item-object-page menu-item-6935\"><a href=\"https:\/\/www.baskentcenter.com\/index.php\/fusya-salon\/\">Fu\u015fya Salon<\/a><\/li>\n\t<li id=\"menu-item-7230\" class=\"menu-item menu-item-type-post_type menu-item-object-page menu-item-7230\"><a href=\"https:\/\/www.baskentcenter.com\/index.php\/vip-salon\/\">Vip Salon<\/a><\/li>\n\t<li id=\"menu-item-7228\" class=\"menu-item menu-item-type-post_type menu-item-object-page menu-item-7228\"><a href=\"https:\/\/www.baskentcenter.com\/index.php\/fuaye-alani\/\">Fuaye Alan\u0131<\/a><\/li>\n<\/ul>\n<\/li>\n<li id=\"menu-item-6837\" class=\"menu-item menu-item-type-post_type menu-item-object-page menu-item-6837\"><a href=\"https:\/\/www.baskentcenter.com\/index.php\/galeri\/\">Galeri<\/a><\/li>\n<li id=\"menu-item-6822\" class=\"menu-item menu-item-type-post_type menu-item-object-page menu-item-6822\"><a href=\"https:\/\/www.baskentcenter.com\/index.php\/sertifikalar\/\">Sertifikalar<\/a><\/li>\n<li id=\"menu-item-7606\" class=\"menu-item menu-item-type-post_type menu-item-object-page menu-item-7606\"><a href=\"https:\/\/www.baskentcenter.com\/index.php\/politikalar\/\">Politikalar<\/a><\/li>\n<li id=\"menu-item-6771\" class=\"menu-item menu-item-type-post_type menu-item-object-page menu-item-6771\"><a href=\"https:\/\/www.baskentcenter.com\/index.php\/ankarada-gezilecek-yerler\/\">Ankara&#8217;da Gezilecek Yerler<\/a><\/li>\n<li id=\"menu-item-6729\" class=\"menu-item menu-item-type-post_type menu-item-object-page menu-item-6729\"><a href=\"https:\/\/www.baskentcenter.com\/index.php\/contact\/\">\u0130leti\u015fim<\/a><\/li>\n<\/ul><\/div>\n\t\t\t\t\n\t\t\t\t<img decoding=\"async\" alt=\"open-navigation\" width=\"25\" class=\"nd_elements_open_navigation_sidebar_content\" src=\"http:\/\/www.nicdarkthemes.com\/themes\/hotel-inn\/wp\/demo\/inn-suites\/wp-content\/uploads\/sites\/2\/2021\/05\/navigation-.white_.png\">\n\t\t\t\n\t\t\t<\/div>\n\t\t<\/div>\n\n\t\t<!--START menu responsive-->\n\t\t<div class=\"nd_elements_navigation_sidebar_content\">\n\n\t\t\t<img decoding=\"async\" alt=\"close-navigation\" width=\"25\" class=\"nd_elements_close_navigation_sidebar_content\" src=\"https:\/\/www.baskentcenter.com\/wp-content\/plugins\/nd-elements\/widgets\/navigation\/img\/navigation-close.svg\">\n\n\t\t    <div class=\"nd_elements_navigation_sidebar\">\n\t\t        <div class=\"menu-main-menu-container\"><ul id=\"menu-main-menu-1\" class=\"menu\"><li class=\"menu-item menu-item-type-custom menu-item-object-custom menu-item-has-children menu-item-6886\"><a href=\"#\">Odalar\u0131m\u0131z<\/a>\n<ul class=\"sub-menu\">\n\t<li class=\"menu-item menu-item-type-post_type menu-item-object-page menu-item-6880\"><a href=\"https:\/\/www.baskentcenter.com\/index.php\/standart-genis-yatakli-oda\/\">Standart Geni\u015f Yatakl\u0131 Oda<\/a><\/li>\n\t<li class=\"menu-item menu-item-type-post_type menu-item-object-page menu-item-6898\"><a href=\"https:\/\/www.baskentcenter.com\/index.php\/standart-2-yatakli-oda\/\">Standart \u0130ki Ayr\u0131 Yatakl\u0131 Oda<\/a><\/li>\n\t<li class=\"menu-item menu-item-type-post_type menu-item-object-page menu-item-6889\"><a href=\"https:\/\/www.baskentcenter.com\/index.php\/deluxe-oda\/\">Deluxe Oda<\/a><\/li>\n<\/ul>\n<\/li>\n<li class=\"menu-item menu-item-type-custom menu-item-object-custom menu-item-has-children menu-item-7153\"><a href=\"#\">Toplant\u0131 Salonlar\u0131m\u0131z<\/a>\n<ul class=\"sub-menu\">\n\t<li class=\"menu-item menu-item-type-post_type menu-item-object-page menu-item-7224\"><a href=\"https:\/\/www.baskentcenter.com\/index.php\/kirmizi-salon\/\">K\u0131rm\u0131z\u0131 Salon<\/a><\/li>\n\t<li class=\"menu-item menu-item-type-post_type menu-item-object-page menu-item-7226\"><a href=\"https:\/\/www.baskentcenter.com\/index.php\/lacivert-salon\/\">Lacivert Salon<\/a><\/li>\n\t<li class=\"menu-item menu-item-type-post_type menu-item-object-page menu-item-6935\"><a href=\"https:\/\/www.baskentcenter.com\/index.php\/fusya-salon\/\">Fu\u015fya Salon<\/a><\/li>\n\t<li class=\"menu-item menu-item-type-post_type menu-item-object-page menu-item-7230\"><a href=\"https:\/\/www.baskentcenter.com\/index.php\/vip-salon\/\">Vip Salon<\/a><\/li>\n\t<li class=\"menu-item menu-item-type-post_type menu-item-object-page menu-item-7228\"><a href=\"https:\/\/www.baskentcenter.com\/index.php\/fuaye-alani\/\">Fuaye Alan\u0131<\/a><\/li>\n<\/ul>\n<\/li>\n<li class=\"menu-item menu-item-type-post_type menu-item-object-page menu-item-6837\"><a href=\"https:\/\/www.baskentcenter.com\/index.php\/galeri\/\">Galeri<\/a><\/li>\n<li class=\"menu-item menu-item-type-post_type menu-item-object-page menu-item-6822\"><a href=\"https:\/\/www.baskentcenter.com\/index.php\/sertifikalar\/\">Sertifikalar<\/a><\/li>\n<li class=\"menu-item menu-item-type-post_type menu-item-object-page menu-item-7606\"><a href=\"https:\/\/www.baskentcenter.com\/index.php\/politikalar\/\">Politikalar<\/a><\/li>\n<li class=\"menu-item menu-item-type-post_type menu-item-object-page menu-item-6771\"><a href=\"https:\/\/www.baskentcenter.com\/index.php\/ankarada-gezilecek-yerler\/\">Ankara&#8217;da Gezilecek Yerler<\/a><\/li>\n<li class=\"menu-item menu-item-type-post_type menu-item-object-page menu-item-6729\"><a href=\"https:\/\/www.baskentcenter.com\/index.php\/contact\/\">\u0130leti\u015fim<\/a><\/li>\n<\/ul><\/div>\n\t\t    <\/div>\n\n\t\t<\/div>\n\t\t<!--END menu responsive-->\n\t\t\t\t\t\t<\/div>\n\t\t\t\t<\/div>\n\t\t\t\t\t<\/div>\n\t\t<\/div>\n\t\t\t\t<div class=\"elementor-column elementor-col-33 elementor-top-column elementor-element elementor-element-1824499f elementor-hidden-tablet elementor-hidden-phone\" data-id=\"1824499f\" data-element_type=\"column\">\n\t\t\t<div class=\"elementor-widget-wrap elementor-element-populated\">\n\t\t\t\t\t\t<div class=\"elementor-element elementor-element-5550774d elementor-align-right elementor-tablet-align-center elementor-invisible elementor-widget elementor-widget-button\" data-id=\"5550774d\" data-element_type=\"widget\" data-settings=\"{&quot;_animation&quot;:&quot;bounceIn&quot;,&quot;_animation_delay&quot;:&quot;1000&quot;}\" data-widget_type=\"button.default\">\n\t\t\t\t<div class=\"elementor-widget-container\">\n\t\t\t\t\t\t\t\t\t<div class=\"elementor-button-wrapper\">\n\t\t\t\t\t<a class=\"elementor-button elementor-button-link elementor-size-sm\" href=\"http:\/\/www.nicdarkthemes.com\/themes\/hotel-inn\/wp\/demo\/inn-suites\/booking-search\/\">\n\t\t\t\t\t\t<span class=\"elementor-button-content-wrapper\">\n\t\t\t\t\t\t\t\t\t<span class=\"elementor-button-text\">BOOK NOW<\/span>\n\t\t\t\t\t<\/span>\n\t\t\t\t\t<\/a>\n\t\t\t\t<\/div>\n\t\t\t\t\t\t\t\t<\/div>\n\t\t\t\t<\/div>\n\t\t\t\t\t<\/div>\n\t\t<\/div>\n\t\t\t\t\t<\/div>\n\t\t<\/section>\n\t\t\t\t<section class=\"elementor-section elementor-top-section elementor-element elementor-element-2254898f elementor-section-boxed elementor-section-height-default elementor-section-height-default\" data-id=\"2254898f\" data-element_type=\"section\">\n\t\t\t\t\t\t<div class=\"elementor-container elementor-column-gap-default\">\n\t\t\t\t\t<div class=\"elementor-column elementor-col-100 elementor-top-column elementor-element elementor-element-367c3c69\" data-id=\"367c3c69\" data-element_type=\"column\">\n\t\t\t<div class=\"elementor-widget-wrap elementor-element-populated\">\n\t\t\t\t\t\t<div class=\"elementor-element elementor-element-d3c884b elementor-widget elementor-widget-customcss\" data-id=\"d3c884b\" data-element_type=\"widget\" data-widget_type=\"customcss.default\">\n\t\t\t\t<div class=\"elementor-widget-container\">\n\t\t\t\t\t<style type=\"text\/css\">\/*Single room : Header Image*\/\n#nd_booking_single_cpt_1_header_image {margin-top: -100px; }\n#nd_booking_single_cpt_1_header_image_space_top {height: 350px; }\n#nd_booking_single_cpt_1_header_image .nd_booking_bg_greydark_alpha_gradient_5 {\n\tbackground: rgb(45,45,45);\n\tbackground: linear-gradient(0deg, rgba(45,45,45,0.4458158263305322) 0%, rgba(45,45,45,0.2) 20%, rgba(45,45,45,0) 50%, rgba(45,45,45,0.2) 80%, rgba(45,45,45,0.45) 100%);}\n\/*Single branch : Header Image*\/\n#nd_booking_single_cpt_4_header_image \n{margin-top: -100px; }\n#nd_booking_single_cpt_4_header_image_space_top {height: 200px; }\n#nd_booking_single_cpt_4_header_image .nd_booking_bg_greydark_alpha_2 {background: rgb(45,45,45);\nbackground: linear-gradient(180deg, rgba(45,45,45,0.4458158263305322) 0%, rgba(45,45,45,0.2) 20%, rgba(45,45,45,0.2) 50%, rgba(45,45,45,0) 100%);}\n\/*Shop Archive*\/\n#nd_options_woocommerce_archives_header_img_layout_9{margin-top: -100px; }\n#nd_options_woo_archive_header_image_space_top{height: 220px; }\n\/*Single Product*\/\n#nd_options_woocommerce_header_img_layout_9{margin-top: -100px; }\n\/*Search*\/\n#nd_options_search_header_img_layout_9 {margin-top: -100px; }\n#nd_options_search_header_img_layout_9_space_top {height: 200px; }\n\/*Archive*\/\n#nd_options_archives_header_img_layout_9{margin-top: -100px; }\n#nd_options_archives_header_img_layout_9_space_top {height: 200px; }\n\/*404*\/\nbody.error404 #nd_contact_navigation {background-color:#373737;}\n<\/style>\t\t\t\t<\/div>\n\t\t\t\t<\/div>\n\t\t\t\t\t<\/div>\n\t\t<\/div>\n\t\t\t\t\t<\/div>\n\t\t<\/section>\n\t\t\t\t<\/div>\n\t\t","protected":false},"excerpt":{"rendered":"<p>info@hotel-suites.com Mon &#8211; Sat: 08.00 &#8211; 22:00 NEWS New year registrations open, contact us and renew your card ! Cart : 0 Items &#8211; &#36;0.00 Cart (0) Home Home 1 [&hellip;]<\/p>\n","protected":false},"author":1,"featured_media":0,"parent":0,"menu_order":0,"comment_status":"closed","ping_status":"closed","template":"","meta":{"footnotes":""},"class_list":["post-46","page","type-page","status-publish","hentry"],"_links":{"self":[{"href":"https:\/\/www.baskentcenter.com\/index.php\/wp-json\/wp\/v2\/pages\/46","targetHints":{"allow":["GET"]}}],"collection":[{"href":"https:\/\/www.baskentcenter.com\/index.php\/wp-json\/wp\/v2\/pages"}],"about":[{"href":"https:\/\/www.baskentcenter.com\/index.php\/wp-json\/wp\/v2\/types\/page"}],"author":[{"embeddable":true,"href":"https:\/\/www.baskentcenter.com\/index.php\/wp-json\/wp\/v2\/users\/1"}],"replies":[{"embeddable":true,"href":"https:\/\/www.baskentcenter.com\/index.php\/wp-json\/wp\/v2\/comments?post=46"}],"version-history":[{"count":0,"href":"https:\/\/www.baskentcenter.com\/index.php\/wp-json\/wp\/v2\/pages\/46\/revisions"}],"wp:attachment":[{"href":"https:\/\/www.baskentcenter.com\/index.php\/wp-json\/wp\/v2\/media?parent=46"}],"curies":[{"name":"wp","href":"https:\/\/api.w.org\/{rel}","templated":true}]}}