{"id":30,"date":"2022-12-19T02:30:45","date_gmt":"2022-12-19T02:30:45","guid":{"rendered":"https:\/\/gaviaspreview.com\/wp\/boliin\/?page_id=30"},"modified":"2026-03-06T11:57:34","modified_gmt":"2026-03-06T11:57:34","slug":"contact","status":"publish","type":"page","link":"https:\/\/www.baskentcenter.com\/index.php\/contact\/","title":{"rendered":"Contact"},"content":{"rendered":"\t\t<div data-elementor-type=\"wp-page\" data-elementor-id=\"30\" class=\"elementor elementor-30\" data-elementor-post-type=\"page\">\n\t\t\t\t\t\t<section class=\"elementor-section elementor-top-section elementor-element elementor-element-f65563a elementor-section-full_width elementor-section-height-default elementor-section-height-default\" data-id=\"f65563a\" data-element_type=\"section\">\n\t\t\t\t\t\t<div class=\"elementor-container elementor-column-gap-default\">\n\t\t\t\t\t<div class=\"elementor-column elementor-col-100 elementor-top-column elementor-element elementor-element-d98a98b\" data-id=\"d98a98b\" data-element_type=\"column\">\n\t\t\t<div class=\"elementor-widget-wrap elementor-element-populated\">\n\t\t\t\t\t\t<div class=\"elementor-element elementor-element-c060d28 elementor-widget elementor-widget-gva_post_breadcrumb\" data-id=\"c060d28\" data-element_type=\"widget\" data-widget_type=\"gva_post_breadcrumb.default\">\n\t\t\t\t<div class=\"elementor-widget-container\">\n\t\t\t\t\t<div class=\"gva-element-gva_post_breadcrumb gva-element\">   \r\n<div class=\"post-breadcrumb\">\r\n   <div class=\"custom-breadcrumb \" >\r\n            <div class=\"breadcrumb-main\">\r\n        <div class=\"container\">\r\n          <div class=\"breadcrumb-container-inner align-center\">\r\n            <h2 class=\"heading-title\">Contact<\/h2><ol class=\"breadcrumb\"><li><a href=\"https:\/\/www.baskentcenter.com\">Home<\/a> <\/li> <li class=\"active\">Sayfa<\/li><\/ol>          <\/div>  \r\n        <\/div>   \r\n      <\/div>  \r\n   <\/div>\r\n<\/div>      \r\n\r\n<\/div>\t\t\t\t<\/div>\n\t\t\t\t<\/div>\n\t\t\t\t\t<\/div>\n\t\t<\/div>\n\t\t\t\t\t<\/div>\n\t\t<\/section>\n\t\t\t\t<section class=\"elementor-section elementor-top-section elementor-element elementor-element-ce6dba8 elementor-section-boxed elementor-section-height-default elementor-section-height-default\" data-id=\"ce6dba8\" data-element_type=\"section\">\n\t\t\t\t\t\t<div class=\"elementor-container elementor-column-gap-default\">\n\t\t\t\t\t<div class=\"elementor-column elementor-col-66 elementor-top-column elementor-element elementor-element-f62713a\" data-id=\"f62713a\" data-element_type=\"column\">\n\t\t\t<div class=\"elementor-widget-wrap elementor-element-populated\">\n\t\t\t\t\t\t<div class=\"elementor-element elementor-element-579d1ee elementor-widget elementor-widget-gva-heading-block\" data-id=\"579d1ee\" data-element_type=\"widget\" data-widget_type=\"gva-heading-block.default\">\n\t\t\t\t<div class=\"elementor-widget-container\">\n\t\t\t\t\t<div class=\"gva-element-gva-heading-block gva-element\">   <div class=\"align-left style-1 widget gsc-heading box-align-left auto-responsive\">\r\n      <div class=\"content-inner\">\r\n         \r\n                  \r\n         <div class=\"heading-icon\"><span><img decoding=\"async\" src=\"https:\/\/www.baskentcenter.com\/wp-content\/plugins\/boliin-themer\/elementor\/assets\/images\/icon-heading.png\" alt=\"\" \/><\/span><\/div><div class=\"sub-title\"><span class=\"tagline\">LOKASYON<\/span><\/div>  \r\n         \r\n                  \r\n                     <div class=\"title-desc\">Ankara\u2019n\u0131n merkezi\u2019nde \u00e7ok uygun bir lokasyonda olan otelimiz K\u0131z\u0131lay meydan\u0131 ve metroya 350 metre, TBMM\u2019ne, b\u00fcy\u00fckel\u00e7iliklere, bakanl\u0131klara, genel kurmay\u2019a , t\u00fcm kuvvet komutanl\u0131klar\u0131\u2019na, adliye\u2019ye, Tunal\u0131 Hilmi caddesi ve Ku\u011fulu park'a y\u00fcr\u00fcme mesafesindedir. tren gar\u0131na 2.5 km ,otob\u00fcs terminaline 3.5 km, Esenbo\u011fa havaalan\u0131na 25 km. uzakl\u0131ktad\u0131r.<\/div>\r\n         \r\n         \r\n      <\/div>\r\n   <\/div>\r\n<\/div>\t\t\t\t<\/div>\n\t\t\t\t<\/div>\n\t\t\t\t<div class=\"elementor-element elementor-element-d8d863d elementor-widget elementor-widget-gva-heading-block\" data-id=\"d8d863d\" data-element_type=\"widget\" data-widget_type=\"gva-heading-block.default\">\n\t\t\t\t<div class=\"elementor-widget-container\">\n\t\t\t\t\t<div class=\"gva-element-gva-heading-block gva-element\">   <div class=\"align-left style-1 widget gsc-heading box-align-left auto-responsive\">\r\n      <div class=\"content-inner\">\r\n         \r\n                  \r\n         <div class=\"heading-icon\"><span><img decoding=\"async\" src=\"https:\/\/www.baskentcenter.com\/wp-content\/plugins\/boliin-themer\/elementor\/assets\/images\/icon-heading.png\" alt=\"\u0130leti\u015fime ge\u00e7in\" \/><\/span><\/div><div class=\"sub-title\"><span class=\"tagline\">\u0130leti\u015fim<\/span><\/div>  \r\n         \r\n                     <h2 class=\"title\">\r\n               <span>\u0130leti\u015fime ge\u00e7in<\/span>\r\n            <\/h2>\r\n                  \r\n         \r\n         \r\n      <\/div>\r\n   <\/div>\r\n<\/div>\t\t\t\t<\/div>\n\t\t\t\t<\/div>\n\t\t\t\t<div class=\"elementor-element elementor-element-7046b2e elementor-widget elementor-widget-shortcode\" data-id=\"7046b2e\" data-element_type=\"widget\" data-widget_type=\"shortcode.default\">\n\t\t\t\t<div class=\"elementor-widget-container\">\n\t\t\t\t\t\t\t<div class=\"elementor-shortcode\">\n<div class=\"wpcf7 no-js\" id=\"wpcf7-f6724-o1\" lang=\"en-US\" dir=\"ltr\" data-wpcf7-id=\"6724\">\n<div class=\"screen-reader-response\"><p role=\"status\" aria-live=\"polite\" aria-atomic=\"true\"><\/p> <ul><\/ul><\/div>\n<form action=\"\/index.php\/wp-json\/wp\/v2\/pages\/30#wpcf7-f6724-o1\" method=\"post\" class=\"wpcf7-form init\" aria-label=\"Contact form\" novalidate=\"novalidate\" data-status=\"init\">\n<div style=\"display: none;\">\n<input type=\"hidden\" name=\"_wpcf7\" value=\"6724\" \/>\n<input type=\"hidden\" name=\"_wpcf7_version\" value=\"6.0.3\" \/>\n<input type=\"hidden\" name=\"_wpcf7_locale\" value=\"en_US\" \/>\n<input type=\"hidden\" name=\"_wpcf7_unit_tag\" value=\"wpcf7-f6724-o1\" \/>\n<input type=\"hidden\" name=\"_wpcf7_container_post\" value=\"0\" \/>\n<input type=\"hidden\" name=\"_wpcf7_posted_data_hash\" value=\"\" \/>\n<input type=\"hidden\" name=\"_wpcf7_recaptcha_response\" value=\"\" \/>\n<\/div>\n<div class=\"row\">\n   <div class=\"col-sm-6 col-xs-12\">\n     <span class=\"wpcf7-form-control-wrap\" data-name=\"your-name\"><input size=\"40\" maxlength=\"400\" class=\"wpcf7-form-control wpcf7-text wpcf7-validates-as-required\" aria-required=\"true\" aria-invalid=\"false\" placeholder=\"\u0130sminiz\" value=\"\" type=\"text\" name=\"your-name\" \/><\/span>\n   <\/div>\n   <div class=\"col-sm-6 col-xs-12\">\n     <span class=\"wpcf7-form-control-wrap\" data-name=\"your-phone\"><input size=\"40\" maxlength=\"400\" class=\"wpcf7-form-control wpcf7-text wpcf7-validates-as-required\" aria-required=\"true\" aria-invalid=\"false\" placeholder=\"Telefon Numaran\u0131z\" value=\"\" type=\"text\" name=\"your-phone\" \/><\/span>\n   <\/div>\n<\/div>\n<div class=\"row\">\n   <div class=\"col-sm-6 col-xs-12\">\n      <span class=\"wpcf7-form-control-wrap\" data-name=\"your-email\"><input size=\"40\" maxlength=\"400\" class=\"wpcf7-form-control wpcf7-email wpcf7-validates-as-required wpcf7-text wpcf7-validates-as-email\" aria-required=\"true\" aria-invalid=\"false\" placeholder=\"E-posta Adresiniz\" value=\"\" type=\"email\" name=\"your-email\" \/><\/span>\n   <\/div>\n   <div class=\"col-sm-6 col-xs-12\">\n      <span class=\"wpcf7-form-control-wrap\" data-name=\"your-subject\"><input size=\"40\" maxlength=\"400\" class=\"wpcf7-form-control wpcf7-text\" aria-invalid=\"false\" placeholder=\"Konu\" value=\"\" type=\"text\" name=\"your-subject\" \/><\/span>\n   <\/div>\n<\/div>\n<div class=\"row\">\n   <div class=\"col-sm-12 col-xs-12\">\n      <span class=\"wpcf7-form-control-wrap\" data-name=\"your-message\"><textarea cols=\"40\" rows=\"10\" maxlength=\"2000\" class=\"wpcf7-form-control wpcf7-textarea\" aria-invalid=\"false\" placeholder=\"Mesaj\u0131n\u0131z\" name=\"your-message\"><\/textarea><\/span>\n   <\/div>\n<span class=\"wpcf7-form-control-wrap\" data-name=\"quiz-920\"><label><span class=\"wpcf7-quiz-label\">T\u00fcrkiye&#039;nin Ba\u015fkenti Neresidir<\/span> <input size=\"40\" class=\"wpcf7-form-control wpcf7-quiz\" autocomplete=\"off\" aria-required=\"true\" aria-invalid=\"false\" type=\"text\" name=\"quiz-920\" \/><\/label><input type=\"hidden\" name=\"_wpcf7_quiz_answer_quiz-920\" value=\"1cf89532a03dbeb74b6a10b54832260f\" \/><\/span>\n   <div class=\"col-sm-12 col-xs-12 action text-left\"><span class=\"form-action\"><input class=\"wpcf7-form-control wpcf7-submit has-spinner\" type=\"submit\" value=\"G\u00f6nder\" \/><\/span><\/div>\n<\/div><div class=\"wpcf7-response-output\" aria-hidden=\"true\"><\/div>\n<\/form>\n<\/div>\n<\/div>\n\t\t\t\t\t\t<\/div>\n\t\t\t\t<\/div>\n\t\t\t\t\t<\/div>\n\t\t<\/div>\n\t\t\t\t<div class=\"elementor-column elementor-col-33 elementor-top-column elementor-element elementor-element-3b6d25a\" data-id=\"3b6d25a\" data-element_type=\"column\" data-settings=\"{&quot;background_background&quot;:&quot;classic&quot;}\">\n\t\t\t<div class=\"elementor-widget-wrap elementor-element-populated\">\n\t\t\t\t\t\t<div class=\"elementor-element elementor-element-898a523 elementor-widget elementor-widget-heading\" data-id=\"898a523\" data-element_type=\"widget\" data-widget_type=\"heading.default\">\n\t\t\t\t<div class=\"elementor-widget-container\">\n\t\t\t\t\t<h2 class=\"elementor-heading-title elementor-size-default\">\u015eehrin Merkezi<\/h2>\t\t\t\t<\/div>\n\t\t\t\t<\/div>\n\t\t\t\t<div class=\"elementor-element elementor-element-5e3a4ec elementor-widget elementor-widget-gva-icon-box-styles\" data-id=\"5e3a4ec\" data-element_type=\"widget\" data-widget_type=\"gva-icon-box-styles.default\">\n\t\t\t\t<div class=\"elementor-widget-container\">\n\t\t\t\t\t<div class=\"gva-element-gva-icon-box-styles gva-element\">\r\n   \r\n          <div class=\"icon-style-three__single\">\r\n            <div class=\"icon-style-three__wrap\">\r\n               <div class=\"icon-style-three__icon\"><i aria-hidden=\"true\" class=\" bicon-address-1\"><\/i><\/div><h3 class=\"icon-style-three__title\">Adres<\/h3>            <\/div> \r\n            <div class=\"icon-style-three__content\">\r\n               <div class=\"icon-style-three__desc\">Me\u015frutiyet Mahallesi <br> Olgunlar Caddesi No. 5\/B K\u0131z\u0131lay \u00c7ankaya \/ ANKARA<\/div>            <\/div>\r\n         \r\n                <\/div>  \r\n   \r\n   \r\n<\/div>\t\t\t\t<\/div>\n\t\t\t\t<\/div>\n\t\t\t\t<div class=\"elementor-element elementor-element-afeb930 elementor-widget elementor-widget-gva-icon-box-styles\" data-id=\"afeb930\" data-element_type=\"widget\" data-widget_type=\"gva-icon-box-styles.default\">\n\t\t\t\t<div class=\"elementor-widget-container\">\n\t\t\t\t\t<div class=\"gva-element-gva-icon-box-styles gva-element\">\r\n   \r\n          <div class=\"icon-style-three__single\">\r\n            <div class=\"icon-style-three__wrap\">\r\n               <div class=\"icon-style-three__icon\"><i aria-hidden=\"true\" class=\" bicon-calling\"><\/i><\/div><h3 class=\"icon-style-three__title\">Telefon<\/h3>            <\/div> \r\n            <div class=\"icon-style-three__content\">\r\n               <div class=\"icon-style-three__desc\">+90 (312) 425 40 55  <br>\n+90 (532) 508 20 90 Mobil\n<\/div>            <\/div>\r\n         \r\n                <\/div>  \r\n   \r\n   \r\n<\/div>\t\t\t\t<\/div>\n\t\t\t\t<\/div>\n\t\t\t\t<div class=\"elementor-element elementor-element-29e5694 elementor-widget elementor-widget-gva-icon-box-styles\" data-id=\"29e5694\" data-element_type=\"widget\" data-widget_type=\"gva-icon-box-styles.default\">\n\t\t\t\t<div class=\"elementor-widget-container\">\n\t\t\t\t\t<div class=\"gva-element-gva-icon-box-styles gva-element\">\r\n   \r\n          <div class=\"icon-style-three__single\">\r\n            <div class=\"icon-style-three__wrap\">\r\n               <div class=\"icon-style-three__icon\"><i aria-hidden=\"true\" class=\" bicon-calling\"><\/i><\/div><h3 class=\"icon-style-three__title\">Email<\/h3>            <\/div> \r\n            <div class=\"icon-style-three__content\">\r\n               <div class=\"icon-style-three__desc\">info@baskentcenter.com<\/div>            <\/div>\r\n         \r\n                <\/div>  \r\n   \r\n   \r\n<\/div>\t\t\t\t<\/div>\n\t\t\t\t<\/div>\n\t\t\t\t<div class=\"elementor-element elementor-element-a8bd25f elementor-shape-circle e-grid-align-left elementor-grid-0 elementor-widget elementor-widget-social-icons\" data-id=\"a8bd25f\" data-element_type=\"widget\" data-widget_type=\"social-icons.default\">\n\t\t\t\t<div class=\"elementor-widget-container\">\n\t\t\t\t\t\t\t<div class=\"elementor-social-icons-wrapper elementor-grid\">\n\t\t\t\t\t\t\t<span class=\"elementor-grid-item\">\n\t\t\t\t\t<a class=\"elementor-icon elementor-social-icon elementor-social-icon-facebook elementor-repeater-item-2cd1b49\" href=\"https:\/\/www.facebook.com\/people\/Ba%C5%9Fkent-Center-Hotel\/61567951328661\/?mibextid=ZbWKwL\" target=\"_blank\">\n\t\t\t\t\t\t<span class=\"elementor-screen-only\">Facebook<\/span>\n\t\t\t\t\t\t<i class=\"fab fa-facebook\"><\/i>\t\t\t\t\t<\/a>\n\t\t\t\t<\/span>\n\t\t\t\t\t\t\t<span class=\"elementor-grid-item\">\n\t\t\t\t\t<a class=\"elementor-icon elementor-social-icon elementor-social-icon-instagram elementor-repeater-item-fbc429b\" href=\"https:\/\/www.instagram.com\/baskent_center_hotel\/\" target=\"_blank\">\n\t\t\t\t\t\t<span class=\"elementor-screen-only\">Instagram<\/span>\n\t\t\t\t\t\t<i class=\"fab fa-instagram\"><\/i>\t\t\t\t\t<\/a>\n\t\t\t\t<\/span>\n\t\t\t\t\t\t\t<span class=\"elementor-grid-item\">\n\t\t\t\t\t<a class=\"elementor-icon elementor-social-icon elementor-social-icon-linkedin elementor-repeater-item-3918384\" href=\"https:\/\/www.linkedin.com\/company\/ba%C5%9Fkent-center-hotel\/\" target=\"_blank\">\n\t\t\t\t\t\t<span class=\"elementor-screen-only\">Linkedin<\/span>\n\t\t\t\t\t\t<i class=\"fab fa-linkedin\"><\/i>\t\t\t\t\t<\/a>\n\t\t\t\t<\/span>\n\t\t\t\t\t<\/div>\n\t\t\t\t\t\t<\/div>\n\t\t\t\t<\/div>\n\t\t\t\t\t<\/div>\n\t\t<\/div>\n\t\t\t\t\t<\/div>\n\t\t<\/section>\n\t\t\t\t<section class=\"elementor-section elementor-top-section elementor-element elementor-element-e408315 elementor-section-boxed elementor-section-height-default elementor-section-height-default\" data-id=\"e408315\" data-element_type=\"section\">\n\t\t\t\t\t\t<div class=\"elementor-container elementor-column-gap-default\">\n\t\t\t\t\t<div class=\"elementor-column elementor-col-100 elementor-top-column elementor-element elementor-element-3e5a49d\" data-id=\"3e5a49d\" data-element_type=\"column\">\n\t\t\t<div class=\"elementor-widget-wrap elementor-element-populated\">\n\t\t\t\t\t\t<div class=\"elementor-element elementor-element-ce17275 elementor-widget elementor-widget-google_maps\" data-id=\"ce17275\" data-element_type=\"widget\" data-widget_type=\"google_maps.default\">\n\t\t\t\t<div class=\"elementor-widget-container\">\n\t\t\t\t\t\t\t<div class=\"elementor-custom-embed\">\n\t\t\t<iframe loading=\"lazy\"\n\t\t\t\t\tsrc=\"https:\/\/maps.google.com\/maps?q=BA%C5%9EKENT%20CENTER%20HOTEL&#038;t=m&#038;z=13&#038;output=embed&#038;iwloc=near\"\n\t\t\t\t\ttitle=\"BA\u015eKENT CENTER HOTEL\"\n\t\t\t\t\taria-label=\"BA\u015eKENT CENTER HOTEL\"\n\t\t\t><\/iframe>\n\t\t<\/div>\n\t\t\t\t\t\t<\/div>\n\t\t\t\t<\/div>\n\t\t\t\t\t<\/div>\n\t\t<\/div>\n\t\t\t\t\t<\/div>\n\t\t<\/section>\n\t\t\t\t<\/div>\n\t\t","protected":false},"excerpt":{"rendered":"<p>Contact Home Sayfa LOKASYON Ankara\u2019n\u0131n merkezi\u2019nde \u00e7ok uygun bir lokasyonda olan otelimiz K\u0131z\u0131lay meydan\u0131 ve metroya 350 metre, TBMM\u2019ne, b\u00fcy\u00fckel\u00e7iliklere, bakanl\u0131klara, genel kurmay\u2019a , t\u00fcm kuvvet komutanl\u0131klar\u0131\u2019na, adliye\u2019ye, Tunal\u0131 Hilmi [&hellip;]<\/p>\n","protected":false},"author":1,"featured_media":0,"parent":0,"menu_order":0,"comment_status":"closed","ping_status":"closed","template":"","meta":{"footnotes":""},"class_list":["post-30","page","type-page","status-publish","hentry"],"_links":{"self":[{"href":"https:\/\/www.baskentcenter.com\/index.php\/wp-json\/wp\/v2\/pages\/30","targetHints":{"allow":["GET"]}}],"collection":[{"href":"https:\/\/www.baskentcenter.com\/index.php\/wp-json\/wp\/v2\/pages"}],"about":[{"href":"https:\/\/www.baskentcenter.com\/index.php\/wp-json\/wp\/v2\/types\/page"}],"author":[{"embeddable":true,"href":"https:\/\/www.baskentcenter.com\/index.php\/wp-json\/wp\/v2\/users\/1"}],"replies":[{"embeddable":true,"href":"https:\/\/www.baskentcenter.com\/index.php\/wp-json\/wp\/v2\/comments?post=30"}],"version-history":[{"count":18,"href":"https:\/\/www.baskentcenter.com\/index.php\/wp-json\/wp\/v2\/pages\/30\/revisions"}],"predecessor-version":[{"id":7682,"href":"https:\/\/www.baskentcenter.com\/index.php\/wp-json\/wp\/v2\/pages\/30\/revisions\/7682"}],"wp:attachment":[{"href":"https:\/\/www.baskentcenter.com\/index.php\/wp-json\/wp\/v2\/media?parent=30"}],"curies":[{"name":"wp","href":"https:\/\/api.w.org\/{rel}","templated":true}]}}